{"id":263,"date":"2013-04-09T15:48:08","date_gmt":"2013-04-09T15:48:08","guid":{"rendered":"http:\/\/www.leclandesroutiers.fr\/?page_id=263"},"modified":"2013-09-18T15:28:40","modified_gmt":"2013-09-18T15:28:40","slug":"accueil","status":"publish","type":"page","link":"https:\/\/www.leclandesroutiers.fr\/","title":{"rendered":"\u201c102 les stations\u201d"},"content":{"rendered":"<p>Beaucoup, en lisant ce qui va suivre, trouveront cette aventure \u201c dingue et irr\u00e9alisable \u201c ! Mais rappelez-vous, un homme de radio \u201cMax Meynier\u201d avait eu en son temps cette m\u00eame folie. Son objectif avait \u00e9t\u00e9 de rassembler une profession, de reconna\u00eetre ses valeurs, sa chaleur humaine et ses hommes \u201cles routiers\u201d.<\/p>\n<p>Mais rassurez-vous, nous ne nous comparerons jamais \u00e0 un personnage aussi illustre que lui. Il est et il restera le grand \u201cMax\u201d avec \u201cles routiers sont sympas\u201d et son fameux \u201crelax max \u201c!<\/p>\n<p>Pour notre part, nous voulons simplement redonner \u00ab\u00a0vie et valeurs\u00a0\u00bb \u00e0 notre profession, sans oublier le soutien de celles qui sont tous les jours \u00e0 nos c\u00f4t\u00e9s&#8230;<\/p>\n<p>A l&rsquo;\u00e9poque de Max, les routiers avaient la radio et la cibi. Nous, nous avons les portables et internet mais les valeurs sont les m\u00eames, la passion pour la route est la m\u00eame, l&rsquo;amour du m\u00e9tier est le m\u00eame.<br \/>\nLes valeurs d&rsquo;entraide, de respect des copains et d &lsquo;amour pour la famille sont les m\u00eames.<br \/>\nCes valeurs nous ont \u00e9t\u00e9 transmises par nos parents et nos grands-parents. Alors peu importent nos origines et nos religions. Si nos valeurs sont aussi les v\u00f4tres, que vous soyez chauffeurs, ouvriers ou retrait\u00e9s nous seront ravis et fiers de vous compter dans nos rangs. Venez avec nous, simplement\u00a0 pour vivre cette belle et dingue aventure !<\/p>\n<p>Merci et \u00e0 tr\u00e8s bient\u00f4t parmi nous.<\/p>\n<p>Les Cavernes \u201cle clan des routiers\u201d<\/p>\n<p><strong>Sur la page de chaque r\u00e9gion, retrouvez les rubriques suivantes :<\/strong><\/p>\n<ul>\n<li>\u00a0<strong>\u00ab Bons plans du P\u00e8re Marcel\u00a0\u00bb<\/strong>\u00a0: Itin\u00e9raires PL et restos\u2026<\/li>\n<li>\u00a0<strong>\u00ab Entreprises prises de t\u00eate\u00a0\u00bb<\/strong>\u00a0: Entreprises difficile d\u2019acc\u00e8s, mal indiqu\u00e9es, non localis\u00e9es, nouvelles Zones Industrielles. Entreprises sous le nom ou dans les locaux d\u2019une autre.<\/li>\n<li><strong>\u00ab\u00a0Plaisirs et farniente\u00a0\u00bb<\/strong><b>\u00a0<\/b>: Sp\u00e9cialit\u00e9s r\u00e9gionales, campings, chambres d\u2019h\u00f4tes, loisirs et d\u00e9tente.<\/li>\n<li><strong>\u00ab\u00a0Nos joyeux commer\u00e7ants\u00a0\u00bb<\/strong>\u00a0: Commerces divers et partenaires<\/li>\n<li><strong>\u00ab Bons plans du Riton\u00a0\u00bb<\/strong>\u00a0(r\u00e9server aux pros de la route) : Entreprises avec magasin d\u2019usine, achats directs, mod\u00e8les d\u2019exposition \u2026<\/li>\n<\/ul>\n<p>&nbsp;<\/p>\n","protected":false},"excerpt":{"rendered":"<p>Beaucoup, en lisant ce qui va suivre, trouveront cette aventure \u201c dingue et irr\u00e9alisable \u201c ! Mais rappelez-vous, un homme de radio \u201cMax Meynier\u201d avait eu en son temps cette m\u00eame folie. Son objectif avait \u00e9t\u00e9 de rassembler une profession, &hellip; <a href=\"https:\/\/www.leclandesroutiers.fr\/\">Continuer la lecture <span class=\"meta-nav\">&rarr;<\/span><\/a><\/p>\n","protected":false},"author":1,"featured_media":0,"parent":0,"menu_order":0,"comment_status":"closed","ping_status":"open","template":"","meta":{"footnotes":""},"class_list":["post-263","page","type-page","status-publish","hentry"],"_links":{"self":[{"href":"https:\/\/www.leclandesroutiers.fr\/index.php?rest_route=\/wp\/v2\/pages\/263","targetHints":{"allow":["GET"]}}],"collection":[{"href":"https:\/\/www.leclandesroutiers.fr\/index.php?rest_route=\/wp\/v2\/pages"}],"about":[{"href":"https:\/\/www.leclandesroutiers.fr\/index.php?rest_route=\/wp\/v2\/types\/page"}],"author":[{"embeddable":true,"href":"https:\/\/www.leclandesroutiers.fr\/index.php?rest_route=\/wp\/v2\/users\/1"}],"replies":[{"embeddable":true,"href":"https:\/\/www.leclandesroutiers.fr\/index.php?rest_route=%2Fwp%2Fv2%2Fcomments&post=263"}],"version-history":[{"count":14,"href":"https:\/\/www.leclandesroutiers.fr\/index.php?rest_route=\/wp\/v2\/pages\/263\/revisions"}],"predecessor-version":[{"id":757,"href":"https:\/\/www.leclandesroutiers.fr\/index.php?rest_route=\/wp\/v2\/pages\/263\/revisions\/757"}],"wp:attachment":[{"href":"https:\/\/www.leclandesroutiers.fr\/index.php?rest_route=%2Fwp%2Fv2%2Fmedia&parent=263"}],"curies":[{"name":"wp","href":"https:\/\/api.w.org\/{rel}","templated":true}]}}