{"id":17,"date":"2013-03-06T20:47:19","date_gmt":"2013-03-06T20:47:19","guid":{"rendered":"http:\/\/www.leclandesroutiers.fr\/?page_id=17"},"modified":"2013-04-02T16:04:05","modified_gmt":"2013-04-02T16:04:05","slug":"qui-sommes-nous","status":"publish","type":"page","link":"https:\/\/www.leclandesroutiers.fr\/?page_id=17","title":{"rendered":"Qui sommes nous"},"content":{"rendered":"<p style=\"text-align: justify;\"><span style=\"margin-top: 0.4em;\"><span style=\"text-decoration: underline;\"><img loading=\"lazy\" decoding=\"async\" class=\"alignleft size-full wp-image-18\" style=\"border-color: #bbbbbb; margin-top: 0.4em; background-color: #eeeeee;\" alt=\"logo le clan des routiers\" src=\"http:\/\/www.leclandesroutiers.fr\/wp-content\/uploads\/2013\/03\/logo200px.jpg\" width=\"200\" height=\"213\" \/><\/span><\/span><\/p>\n<p style=\"text-align: justify;\">Salut \u00e0 tous.<\/p>\n<p style=\"text-align: justify;\">Beaucoup vont se demander pourquoi ce logo et sa signification. Tout d&rsquo;abord, nous sommes et nous resterons exclusivement un clan, une famille de routiers et non un club. Notre devise \u00bb respect et entraide \u00bb est notre \u00e9tat d\u2019esprit et notre fa\u00e7on de vivre (vie professionnelle et priv\u00e9e). Nous sommes un clan, une famille, mais avant tout des routiers. Les drapeaux conf\u00e9d\u00e9r\u00e9s pour notre libert\u00e9 et notre ind\u00e9pendance. Le camion am\u00e9ricain pour sa repr\u00e9sentation de camion sans citer aucune marque et nous permet d\u2019\u00e9viter le droit \u00e0 l\u2019image des constructeurs de camions. Le capitaine caverne pour son caract\u00e8re qui nous convient bien \u00e0 nous chauffeurs et pour son c\u00f4t\u00e9 sympathique, et notre nom \u00ab Les Cavernes \u00bb.<\/p>\n<p style=\"text-align: justify;\">Notre but, retrouver l\u2019entente de nos anciens, \u00e0 nos d\u00e9buts, \u00e0 leur respect entre eux, \u00e0 leur sens de l\u2019entraide dans les bons ou les moments difficiles. Ou est-il le temps ou on effectuer le travail qu\u2019on nous donner avec ses bonnes et ses semaines mouvement\u00e9es, sans choisir notre destination. Ou est-il le temps ou les anciens guidaient et formaient les jeunes chauffeurs dans leur travail ou on aidait un coll\u00e8gue \u00e0 changer sa roue ou \u00e0 se tirer d\u2019une gal\u00e8re pour le simple fait d\u2019aider un coll\u00e8gue routier, qu\u2019il soit de notre soci\u00e9t\u00e9 ou pas, avec le plaisir de boire un caf\u00e9 par remerciement. Notre objectif retrouver les vraies valeurs de notre m\u00e9tiers et des m\u00e9tiers au contact de la route en plus on met en place un r\u00e9seau de partenariat avec des commer\u00e7ants et diverses soci\u00e9t\u00e9s pour nous permettre de faire vivre nos familles plus d\u00e9centes. Nous sommes le premier clan de routiers \u00e0 porter des couleurs pour nous permettre de nous reconna\u00eetre (tous en m\u00e9ritant le droit de les porter avec respect et honneur) et pouvoir compter sur le respect et l\u2019entraide entre chaque membre du clan \u00e0 tous moments que ce soit dans la vie priv\u00e9e et professionnelle.<\/p>\n","protected":false},"excerpt":{"rendered":"<p>Salut \u00e0 tous. Beaucoup vont se demander pourquoi ce logo et sa signification. Tout d&rsquo;abord, nous sommes et nous resterons exclusivement un clan, une famille de routiers et non un club. Notre devise \u00bb respect et entraide \u00bb est notre &hellip; <a href=\"https:\/\/www.leclandesroutiers.fr\/?page_id=17\">Continuer la lecture <span class=\"meta-nav\">&rarr;<\/span><\/a><\/p>\n","protected":false},"author":1,"featured_media":0,"parent":0,"menu_order":0,"comment_status":"open","ping_status":"open","template":"sidebar-page.php","meta":{"footnotes":""},"class_list":["post-17","page","type-page","status-publish","hentry"],"_links":{"self":[{"href":"https:\/\/www.leclandesroutiers.fr\/index.php?rest_route=\/wp\/v2\/pages\/17","targetHints":{"allow":["GET"]}}],"collection":[{"href":"https:\/\/www.leclandesroutiers.fr\/index.php?rest_route=\/wp\/v2\/pages"}],"about":[{"href":"https:\/\/www.leclandesroutiers.fr\/index.php?rest_route=\/wp\/v2\/types\/page"}],"author":[{"embeddable":true,"href":"https:\/\/www.leclandesroutiers.fr\/index.php?rest_route=\/wp\/v2\/users\/1"}],"replies":[{"embeddable":true,"href":"https:\/\/www.leclandesroutiers.fr\/index.php?rest_route=%2Fwp%2Fv2%2Fcomments&post=17"}],"version-history":[{"count":12,"href":"https:\/\/www.leclandesroutiers.fr\/index.php?rest_route=\/wp\/v2\/pages\/17\/revisions"}],"predecessor-version":[{"id":28,"href":"https:\/\/www.leclandesroutiers.fr\/index.php?rest_route=\/wp\/v2\/pages\/17\/revisions\/28"}],"wp:attachment":[{"href":"https:\/\/www.leclandesroutiers.fr\/index.php?rest_route=%2Fwp%2Fv2%2Fmedia&parent=17"}],"curies":[{"name":"wp","href":"https:\/\/api.w.org\/{rel}","templated":true}]}}