{"id":607,"date":"2013-05-14T15:57:55","date_gmt":"2013-05-14T15:57:55","guid":{"rendered":"http:\/\/www.leclandesroutiers.fr\/?page_id=607"},"modified":"2013-05-14T15:57:55","modified_gmt":"2013-05-14T15:57:55","slug":"plaisir-en-bretagne","status":"publish","type":"page","link":"http:\/\/www.leclandesroutiers.fr\/?page_id=607","title":{"rendered":"Plaisir en Bretagne"},"content":{"rendered":"<p>Vous trouverez sur cette page les plaisirs de votre r\u00e9gion :<\/p>\n<p>&#8211; Sp\u00e9cialit\u00e9s r\u00e9gionnales<\/p>\n<p>&#8211; camping et chambres d\u2019h\u00f4tes<\/p>\n<p>&#8211; loisirs et d\u00e9tente<\/p>\n<p>Vous connaissez une entreprise difficile \u00e0 localiser ? Laissez nous un commentaire\u2026<img decoding=\"async\" alt=\";)\" src=\"http:\/\/www.leclandesroutiers.fr\/wp-includes\/images\/smilies\/icon_wink.gif\" \/><\/p>\n","protected":false},"excerpt":{"rendered":"<p>Vous trouverez sur cette page les plaisirs de votre r\u00e9gion : &#8211; Sp\u00e9cialit\u00e9s r\u00e9gionnales &#8211; camping et chambres d\u2019h\u00f4tes &#8211; loisirs et d\u00e9tente Vous connaissez une entreprise difficile \u00e0 localiser ? Laissez nous un commentaire\u2026<\/p>\n","protected":false},"author":1,"featured_media":0,"parent":0,"menu_order":0,"comment_status":"open","ping_status":"open","template":"","meta":{"footnotes":""},"class_list":["post-607","page","type-page","status-publish","hentry"],"_links":{"self":[{"href":"http:\/\/www.leclandesroutiers.fr\/index.php?rest_route=\/wp\/v2\/pages\/607","targetHints":{"allow":["GET"]}}],"collection":[{"href":"http:\/\/www.leclandesroutiers.fr\/index.php?rest_route=\/wp\/v2\/pages"}],"about":[{"href":"http:\/\/www.leclandesroutiers.fr\/index.php?rest_route=\/wp\/v2\/types\/page"}],"author":[{"embeddable":true,"href":"http:\/\/www.leclandesroutiers.fr\/index.php?rest_route=\/wp\/v2\/users\/1"}],"replies":[{"embeddable":true,"href":"http:\/\/www.leclandesroutiers.fr\/index.php?rest_route=%2Fwp%2Fv2%2Fcomments&post=607"}],"version-history":[{"count":1,"href":"http:\/\/www.leclandesroutiers.fr\/index.php?rest_route=\/wp\/v2\/pages\/607\/revisions"}],"predecessor-version":[{"id":626,"href":"http:\/\/www.leclandesroutiers.fr\/index.php?rest_route=\/wp\/v2\/pages\/607\/revisions\/626"}],"wp:attachment":[{"href":"http:\/\/www.leclandesroutiers.fr\/index.php?rest_route=%2Fwp%2Fv2%2Fmedia&parent=607"}],"curies":[{"name":"wp","href":"https:\/\/api.w.org\/{rel}","templated":true}]}}