{"id":463,"date":"2013-05-07T08:59:55","date_gmt":"2013-05-07T08:59:55","guid":{"rendered":"http:\/\/www.leclandesroutiers.fr\/?page_id=463"},"modified":"2013-05-07T08:59:55","modified_gmt":"2013-05-07T08:59:55","slug":"les-bons-plans-dans-le-nord","status":"publish","type":"page","link":"http:\/\/www.leclandesroutiers.fr\/?page_id=463","title":{"rendered":"Les bons plans dans le Nord"},"content":{"rendered":"<p>Vous trouverez sur cette page les bons plans de votre r\u00e9gion :<\/p>\n<p>&#8211; Itin\u00e9raires PL<br \/>\n&#8211; Restaurants<br \/>\n&#8211; Etc&#8230;<\/p>\n<p>Vous connaissez une entreprise difficile \u00e0 localiser ? Laissez nous un commentaire&#8230; \ud83d\ude09<\/p>\n","protected":false},"excerpt":{"rendered":"<p>Vous trouverez sur cette page les bons plans de votre r\u00e9gion : &#8211; Itin\u00e9raires PL &#8211; Restaurants &#8211; Etc&#8230; Vous connaissez une entreprise difficile \u00e0 localiser ? Laissez nous un commentaire&#8230; \ud83d\ude09<\/p>\n","protected":false},"author":1,"featured_media":0,"parent":0,"menu_order":0,"comment_status":"open","ping_status":"open","template":"","meta":{"footnotes":""},"class_list":["post-463","page","type-page","status-publish","hentry"],"_links":{"self":[{"href":"http:\/\/www.leclandesroutiers.fr\/index.php?rest_route=\/wp\/v2\/pages\/463","targetHints":{"allow":["GET"]}}],"collection":[{"href":"http:\/\/www.leclandesroutiers.fr\/index.php?rest_route=\/wp\/v2\/pages"}],"about":[{"href":"http:\/\/www.leclandesroutiers.fr\/index.php?rest_route=\/wp\/v2\/types\/page"}],"author":[{"embeddable":true,"href":"http:\/\/www.leclandesroutiers.fr\/index.php?rest_route=\/wp\/v2\/users\/1"}],"replies":[{"embeddable":true,"href":"http:\/\/www.leclandesroutiers.fr\/index.php?rest_route=%2Fwp%2Fv2%2Fcomments&post=463"}],"version-history":[{"count":2,"href":"http:\/\/www.leclandesroutiers.fr\/index.php?rest_route=\/wp\/v2\/pages\/463\/revisions"}],"predecessor-version":[{"id":490,"href":"http:\/\/www.leclandesroutiers.fr\/index.php?rest_route=\/wp\/v2\/pages\/463\/revisions\/490"}],"wp:attachment":[{"href":"http:\/\/www.leclandesroutiers.fr\/index.php?rest_route=%2Fwp%2Fv2%2Fmedia&parent=463"}],"curies":[{"name":"wp","href":"https:\/\/api.w.org\/{rel}","templated":true}]}}